{"id":989853,"date":"2021-07-26T09:34:09","date_gmt":"2021-07-26T07:34:09","guid":{"rendered":"https:\/\/www.cabottura.it\/i-nostri-vini\/olio-casaliva\/"},"modified":"2021-09-20T11:56:38","modified_gmt":"2021-09-20T09:56:38","slug":"olio-casaliva","status":"publish","type":"product","link":"https:\/\/www.cabottura.it\/de\/i-nostri-vini\/olio-casaliva\/","title":{"rendered":"Olio Casaliva"},"content":{"rendered":"\t\t<div data-elementor-type=\"product-post\" data-elementor-id=\"989853\" class=\"elementor elementor-989853 elementor-988417\" data-elementor-post-type=\"product\">\n\t\t\t\t\t\t<section class=\"elementor-section elementor-top-section elementor-element elementor-element-5861328 elementor-section-boxed elementor-section-height-default elementor-section-height-default\" data-id=\"5861328\" data-element_type=\"section\" data-e-type=\"section\">\n\t\t\t\t\t\t<div class=\"elementor-container elementor-column-gap-default\">\n\t\t\t\t\t<div class=\"elementor-column elementor-col-50 elementor-top-column elementor-element elementor-element-1ff54db\" data-id=\"1ff54db\" data-element_type=\"column\" data-e-type=\"column\">\n\t\t\t<div class=\"elementor-widget-wrap elementor-element-populated\">\n\t\t\t\t\t\t<div class=\"elementor-element elementor-element-3a23391 elementor-align-center elementor-widget elementor-widget-button\" data-id=\"3a23391\" data-element_type=\"widget\" data-e-type=\"widget\" data-widget_type=\"button.default\">\n\t\t\t\t<div class=\"elementor-widget-container\">\n\t\t\t\t\t\t\t\t\t<div class=\"elementor-button-wrapper\">\n\t\t\t\t\t<a class=\"elementor-button elementor-button-link elementor-size-sm\" href=\"https:\/\/www.cabottura.it\/wp-content\/uploads\/2021\/07\/Olio_Casaliva-1.png\" target=\"_blank\">\n\t\t\t\t\t\t<span class=\"elementor-button-content-wrapper\">\n\t\t\t\t\t\t\t\t\t<span class=\"elementor-button-text\">HD-Fotos<\/span>\n\t\t\t\t\t<\/span>\n\t\t\t\t\t<\/a>\n\t\t\t\t<\/div>\n\t\t\t\t\t\t\t\t<\/div>\n\t\t\t\t<\/div>\n\t\t\t\t\t<\/div>\n\t\t<\/div>\n\t\t\t\t<div class=\"elementor-column elementor-col-50 elementor-top-column elementor-element elementor-element-00e9f78\" data-id=\"00e9f78\" data-element_type=\"column\" data-e-type=\"column\">\n\t\t\t<div class=\"elementor-widget-wrap\">\n\t\t\t\t\t\t\t<\/div>\n\t\t<\/div>\n\t\t\t\t\t<\/div>\n\t\t<\/section>\n\t\t\t\t<section class=\"elementor-section elementor-top-section elementor-element elementor-element-a5d1e07 elementor-section-boxed elementor-section-height-default elementor-section-height-default\" data-id=\"a5d1e07\" data-element_type=\"section\" data-e-type=\"section\">\n\t\t\t\t\t\t<div class=\"elementor-container elementor-column-gap-default\">\n\t\t\t\t\t<div class=\"elementor-column elementor-col-100 elementor-top-column elementor-element elementor-element-ff130f3\" data-id=\"ff130f3\" data-element_type=\"column\" data-e-type=\"column\">\n\t\t\t<div class=\"elementor-widget-wrap elementor-element-populated\">\n\t\t\t\t\t\t<div class=\"elementor-element elementor-element-f92a171 elementor-align-center elementor-widget elementor-widget-button\" data-id=\"f92a171\" data-element_type=\"widget\" data-e-type=\"widget\" data-widget_type=\"button.default\">\n\t\t\t\t<div class=\"elementor-widget-container\">\n\t\t\t\t\t\t\t\t\t<div class=\"elementor-button-wrapper\">\n\t\t\t\t\t<a class=\"elementor-button elementor-button-link elementor-size-xs\" href=\"https:\/\/www.cabottura.it\/de\/weine\/\">\n\t\t\t\t\t\t<span class=\"elementor-button-content-wrapper\">\n\t\t\t\t\t\t<span class=\"elementor-button-icon\">\n\t\t\t\t<i aria-hidden=\"true\" class=\"fas fa-arrow-right\"><\/i>\t\t\t<\/span>\n\t\t\t\t\t\t\t\t\t<span class=\"elementor-button-text\">Zur\u00fcck zu den Weinen<\/span>\n\t\t\t\t\t<\/span>\n\t\t\t\t\t<\/a>\n\t\t\t\t<\/div>\n\t\t\t\t\t\t\t\t<\/div>\n\t\t\t\t<\/div>\n\t\t\t\t\t<\/div>\n\t\t<\/div>\n\t\t\t\t\t<\/div>\n\t\t<\/section>\n\t\t\t\t<\/div>\n\t\t","protected":false},"excerpt":{"rendered":"<p>Die Oliven des landwirtschaftlichen Betriebs Ca\u2018 Bottura, die f\u00fcr die Produktion von gefiltertem nativem Oliven\u00f6l extra bestimmt sind, werden in eine kleine \u00d6lm\u00fchle gebracht, die mit einem modernen Verarbeitungssystem arbeitet, in dem die Pressung \u201ekalt&#8220; erfolgt (Temperatur zwischen 22 &#8211; 25\u00b0C), und dies im kontinuierlichen Zyklus mit abschlie\u00dfendem Zentrifugieren.<\/p>\n<p>Mit dieser Verarbeitungsmethode wird das rohe native Oliven\u00f6l extra gewonnen, das anschlie\u00dfend im Betrieb Ca\u2018 Bottura durch einen gro\u00dfen Trichter und Watteb\u00e4usche gefiltert wird.<\/p>\n<p>Das Ergebnis ist ein gefiltertes natives Oliven\u00f6l extra von sehr guter Qualit\u00e4t der Marke Ca\u2018 Bottura.<\/p>\n","protected":false},"featured_media":988700,"template":"","meta":[],"product_brand":[],"product_cat":[50,118],"product_tag":[108,133],"class_list":{"0":"post-989853","1":"product","2":"type-product","3":"status-publish","4":"has-post-thumbnail","6":"product_cat-i-vini","7":"product_cat-weine","8":"product_tag-olio-casaliva","9":"product_tag-olio-casaliva-de","11":"first","12":"outofstock","13":"shipping-taxable","14":"product-type-simple"},"yoast_head":"<!-- This site is optimized with the Yoast SEO plugin v27.4 - https:\/\/yoast.com\/product\/yoast-seo-wordpress\/ -->\n<title>Olio Casaliva - C\u00e0 Bottura | Azienda vinicola a Bardolino, Lago di Garda<\/title>\n<meta name=\"robots\" content=\"index, follow, max-snippet:-1, max-image-preview:large, max-video-preview:-1\" \/>\n<link rel=\"canonical\" href=\"https:\/\/www.cabottura.it\/de\/i-nostri-vini\/olio-casaliva\/\" \/>\n<meta property=\"og:locale\" content=\"de_DE\" \/>\n<meta property=\"og:type\" content=\"article\" \/>\n<meta property=\"og:title\" content=\"Olio Casaliva - C\u00e0 Bottura | Azienda vinicola a Bardolino, Lago di Garda\" \/>\n<meta property=\"og:description\" content=\"Die Oliven des landwirtschaftlichen Betriebs Ca\u2018 Bottura, die f\u00fcr die Produktion von gefiltertem nativem Oliven\u00f6l extra bestimmt sind, werden in eine kleine \u00d6lm\u00fchle gebracht, die mit einem modernen Verarbeitungssystem arbeitet, in dem die Pressung \u201ekalt&quot; erfolgt (Temperatur zwischen 22 - 25\u00b0C), und dies im kontinuierlichen Zyklus mit abschlie\u00dfendem Zentrifugieren.  Mit dieser Verarbeitungsmethode wird das rohe native Oliven\u00f6l extra gewonnen, das anschlie\u00dfend im Betrieb Ca\u2018 Bottura durch einen gro\u00dfen Trichter und Watteb\u00e4usche gefiltert wird.  Das Ergebnis ist ein gefiltertes natives Oliven\u00f6l extra von sehr guter Qualit\u00e4t der Marke Ca\u2018 Bottura.\" \/>\n<meta property=\"og:url\" content=\"https:\/\/www.cabottura.it\/de\/i-nostri-vini\/olio-casaliva\/\" \/>\n<meta property=\"og:site_name\" content=\"C\u00e0 Bottura | Azienda vinicola a Bardolino, Lago di Garda\" \/>\n<meta property=\"article:modified_time\" content=\"2021-09-20T09:56:38+00:00\" \/>\n<meta property=\"og:image\" content=\"https:\/\/www.cabottura.it\/wp-content\/uploads\/2021\/07\/Olio_Casaliva.png\" \/>\n\t<meta property=\"og:image:width\" content=\"1335\" \/>\n\t<meta property=\"og:image:height\" content=\"2000\" \/>\n\t<meta property=\"og:image:type\" content=\"image\/png\" \/>\n<meta name=\"twitter:card\" content=\"summary_large_image\" \/>\n<script type=\"application\/ld+json\" class=\"yoast-schema-graph\">{\"@context\":\"https:\\\/\\\/schema.org\",\"@graph\":[{\"@type\":\"WebPage\",\"@id\":\"https:\\\/\\\/www.cabottura.it\\\/de\\\/i-nostri-vini\\\/olio-casaliva\\\/\",\"url\":\"https:\\\/\\\/www.cabottura.it\\\/de\\\/i-nostri-vini\\\/olio-casaliva\\\/\",\"name\":\"Olio Casaliva - C\u00e0 Bottura | Azienda vinicola a Bardolino, Lago di Garda\",\"isPartOf\":{\"@id\":\"https:\\\/\\\/www.cabottura.it\\\/#website\"},\"primaryImageOfPage\":{\"@id\":\"https:\\\/\\\/www.cabottura.it\\\/de\\\/i-nostri-vini\\\/olio-casaliva\\\/#primaryimage\"},\"image\":{\"@id\":\"https:\\\/\\\/www.cabottura.it\\\/de\\\/i-nostri-vini\\\/olio-casaliva\\\/#primaryimage\"},\"thumbnailUrl\":\"https:\\\/\\\/www.cabottura.it\\\/wp-content\\\/uploads\\\/2021\\\/07\\\/Olio_Casaliva.png\",\"datePublished\":\"2021-07-26T07:34:09+00:00\",\"dateModified\":\"2021-09-20T09:56:38+00:00\",\"breadcrumb\":{\"@id\":\"https:\\\/\\\/www.cabottura.it\\\/de\\\/i-nostri-vini\\\/olio-casaliva\\\/#breadcrumb\"},\"inLanguage\":\"de\",\"potentialAction\":[{\"@type\":\"ReadAction\",\"target\":[\"https:\\\/\\\/www.cabottura.it\\\/de\\\/i-nostri-vini\\\/olio-casaliva\\\/\"]}]},{\"@type\":\"ImageObject\",\"inLanguage\":\"de\",\"@id\":\"https:\\\/\\\/www.cabottura.it\\\/de\\\/i-nostri-vini\\\/olio-casaliva\\\/#primaryimage\",\"url\":\"https:\\\/\\\/www.cabottura.it\\\/wp-content\\\/uploads\\\/2021\\\/07\\\/Olio_Casaliva.png\",\"contentUrl\":\"https:\\\/\\\/www.cabottura.it\\\/wp-content\\\/uploads\\\/2021\\\/07\\\/Olio_Casaliva.png\",\"width\":1335,\"height\":2000},{\"@type\":\"BreadcrumbList\",\"@id\":\"https:\\\/\\\/www.cabottura.it\\\/de\\\/i-nostri-vini\\\/olio-casaliva\\\/#breadcrumb\",\"itemListElement\":[{\"@type\":\"ListItem\",\"position\":1,\"name\":\"Home\",\"item\":\"https:\\\/\\\/www.cabottura.it\\\/de\\\/\"},{\"@type\":\"ListItem\",\"position\":2,\"name\":\"Products\",\"item\":\"https:\\\/\\\/www.cabottura.it\\\/en\\\/shop\\\/\"},{\"@type\":\"ListItem\",\"position\":3,\"name\":\"Olio Casaliva\"}]},{\"@type\":\"WebSite\",\"@id\":\"https:\\\/\\\/www.cabottura.it\\\/#website\",\"url\":\"https:\\\/\\\/www.cabottura.it\\\/\",\"name\":\"C\u00e0 Bottura | Azienda vinicola a Bardolino, Lago di Garda\",\"description\":\"C\u00e0 Bottura | Azienda vinicola a Bardolino, Lago di Garda\",\"publisher\":{\"@id\":\"https:\\\/\\\/www.cabottura.it\\\/#organization\"},\"potentialAction\":[{\"@type\":\"SearchAction\",\"target\":{\"@type\":\"EntryPoint\",\"urlTemplate\":\"https:\\\/\\\/www.cabottura.it\\\/?s={search_term_string}\"},\"query-input\":{\"@type\":\"PropertyValueSpecification\",\"valueRequired\":true,\"valueName\":\"search_term_string\"}}],\"inLanguage\":\"de\"},{\"@type\":\"Organization\",\"@id\":\"https:\\\/\\\/www.cabottura.it\\\/#organization\",\"name\":\"SOC. AZ. AGR. C\u00c0 BOTTURA S.S. FAM. ANDREOLI\",\"url\":\"https:\\\/\\\/www.cabottura.it\\\/\",\"logo\":{\"@type\":\"ImageObject\",\"inLanguage\":\"de\",\"@id\":\"https:\\\/\\\/www.cabottura.it\\\/#\\\/schema\\\/logo\\\/image\\\/\",\"url\":\"https:\\\/\\\/www.cabottura.it\\\/wp-content\\\/uploads\\\/2020\\\/03\\\/logo-nero.png\",\"contentUrl\":\"https:\\\/\\\/www.cabottura.it\\\/wp-content\\\/uploads\\\/2020\\\/03\\\/logo-nero.png\",\"width\":985,\"height\":392,\"caption\":\"SOC. AZ. AGR. C\u00c0 BOTTURA S.S. FAM. ANDREOLI\"},\"image\":{\"@id\":\"https:\\\/\\\/www.cabottura.it\\\/#\\\/schema\\\/logo\\\/image\\\/\"}}]}<\/script>\n<!-- \/ Yoast SEO plugin. -->","yoast_head_json":{"title":"Olio Casaliva - C\u00e0 Bottura | Azienda vinicola a Bardolino, Lago di Garda","robots":{"index":"index","follow":"follow","max-snippet":"max-snippet:-1","max-image-preview":"max-image-preview:large","max-video-preview":"max-video-preview:-1"},"canonical":"https:\/\/www.cabottura.it\/de\/i-nostri-vini\/olio-casaliva\/","og_locale":"de_DE","og_type":"article","og_title":"Olio Casaliva - C\u00e0 Bottura | Azienda vinicola a Bardolino, Lago di Garda","og_description":"Die Oliven des landwirtschaftlichen Betriebs Ca\u2018 Bottura, die f\u00fcr die Produktion von gefiltertem nativem Oliven\u00f6l extra bestimmt sind, werden in eine kleine \u00d6lm\u00fchle gebracht, die mit einem modernen Verarbeitungssystem arbeitet, in dem die Pressung \u201ekalt\" erfolgt (Temperatur zwischen 22 - 25\u00b0C), und dies im kontinuierlichen Zyklus mit abschlie\u00dfendem Zentrifugieren.  Mit dieser Verarbeitungsmethode wird das rohe native Oliven\u00f6l extra gewonnen, das anschlie\u00dfend im Betrieb Ca\u2018 Bottura durch einen gro\u00dfen Trichter und Watteb\u00e4usche gefiltert wird.  Das Ergebnis ist ein gefiltertes natives Oliven\u00f6l extra von sehr guter Qualit\u00e4t der Marke Ca\u2018 Bottura.","og_url":"https:\/\/www.cabottura.it\/de\/i-nostri-vini\/olio-casaliva\/","og_site_name":"C\u00e0 Bottura | Azienda vinicola a Bardolino, Lago di Garda","article_modified_time":"2021-09-20T09:56:38+00:00","og_image":[{"width":1335,"height":2000,"url":"https:\/\/www.cabottura.it\/wp-content\/uploads\/2021\/07\/Olio_Casaliva.png","type":"image\/png"}],"twitter_card":"summary_large_image","schema":{"@context":"https:\/\/schema.org","@graph":[{"@type":"WebPage","@id":"https:\/\/www.cabottura.it\/de\/i-nostri-vini\/olio-casaliva\/","url":"https:\/\/www.cabottura.it\/de\/i-nostri-vini\/olio-casaliva\/","name":"Olio Casaliva - C\u00e0 Bottura | Azienda vinicola a Bardolino, Lago di Garda","isPartOf":{"@id":"https:\/\/www.cabottura.it\/#website"},"primaryImageOfPage":{"@id":"https:\/\/www.cabottura.it\/de\/i-nostri-vini\/olio-casaliva\/#primaryimage"},"image":{"@id":"https:\/\/www.cabottura.it\/de\/i-nostri-vini\/olio-casaliva\/#primaryimage"},"thumbnailUrl":"https:\/\/www.cabottura.it\/wp-content\/uploads\/2021\/07\/Olio_Casaliva.png","datePublished":"2021-07-26T07:34:09+00:00","dateModified":"2021-09-20T09:56:38+00:00","breadcrumb":{"@id":"https:\/\/www.cabottura.it\/de\/i-nostri-vini\/olio-casaliva\/#breadcrumb"},"inLanguage":"de","potentialAction":[{"@type":"ReadAction","target":["https:\/\/www.cabottura.it\/de\/i-nostri-vini\/olio-casaliva\/"]}]},{"@type":"ImageObject","inLanguage":"de","@id":"https:\/\/www.cabottura.it\/de\/i-nostri-vini\/olio-casaliva\/#primaryimage","url":"https:\/\/www.cabottura.it\/wp-content\/uploads\/2021\/07\/Olio_Casaliva.png","contentUrl":"https:\/\/www.cabottura.it\/wp-content\/uploads\/2021\/07\/Olio_Casaliva.png","width":1335,"height":2000},{"@type":"BreadcrumbList","@id":"https:\/\/www.cabottura.it\/de\/i-nostri-vini\/olio-casaliva\/#breadcrumb","itemListElement":[{"@type":"ListItem","position":1,"name":"Home","item":"https:\/\/www.cabottura.it\/de\/"},{"@type":"ListItem","position":2,"name":"Products","item":"https:\/\/www.cabottura.it\/en\/shop\/"},{"@type":"ListItem","position":3,"name":"Olio Casaliva"}]},{"@type":"WebSite","@id":"https:\/\/www.cabottura.it\/#website","url":"https:\/\/www.cabottura.it\/","name":"C\u00e0 Bottura | Azienda vinicola a Bardolino, Lago di Garda","description":"C\u00e0 Bottura | Azienda vinicola a Bardolino, Lago di Garda","publisher":{"@id":"https:\/\/www.cabottura.it\/#organization"},"potentialAction":[{"@type":"SearchAction","target":{"@type":"EntryPoint","urlTemplate":"https:\/\/www.cabottura.it\/?s={search_term_string}"},"query-input":{"@type":"PropertyValueSpecification","valueRequired":true,"valueName":"search_term_string"}}],"inLanguage":"de"},{"@type":"Organization","@id":"https:\/\/www.cabottura.it\/#organization","name":"SOC. AZ. AGR. C\u00c0 BOTTURA S.S. FAM. ANDREOLI","url":"https:\/\/www.cabottura.it\/","logo":{"@type":"ImageObject","inLanguage":"de","@id":"https:\/\/www.cabottura.it\/#\/schema\/logo\/image\/","url":"https:\/\/www.cabottura.it\/wp-content\/uploads\/2020\/03\/logo-nero.png","contentUrl":"https:\/\/www.cabottura.it\/wp-content\/uploads\/2020\/03\/logo-nero.png","width":985,"height":392,"caption":"SOC. AZ. AGR. C\u00c0 BOTTURA S.S. FAM. ANDREOLI"},"image":{"@id":"https:\/\/www.cabottura.it\/#\/schema\/logo\/image\/"}}]}},"_links":{"self":[{"href":"https:\/\/www.cabottura.it\/de\/wp-json\/wp\/v2\/product\/989853","targetHints":{"allow":["GET"]}}],"collection":[{"href":"https:\/\/www.cabottura.it\/de\/wp-json\/wp\/v2\/product"}],"about":[{"href":"https:\/\/www.cabottura.it\/de\/wp-json\/wp\/v2\/types\/product"}],"version-history":[{"count":7,"href":"https:\/\/www.cabottura.it\/de\/wp-json\/wp\/v2\/product\/989853\/revisions"}],"predecessor-version":[{"id":990516,"href":"https:\/\/www.cabottura.it\/de\/wp-json\/wp\/v2\/product\/989853\/revisions\/990516"}],"wp:featuredmedia":[{"embeddable":true,"href":"https:\/\/www.cabottura.it\/de\/wp-json\/wp\/v2\/media\/988700"}],"wp:attachment":[{"href":"https:\/\/www.cabottura.it\/de\/wp-json\/wp\/v2\/media?parent=989853"}],"wp:term":[{"taxonomy":"product_brand","embeddable":true,"href":"https:\/\/www.cabottura.it\/de\/wp-json\/wp\/v2\/product_brand?post=989853"},{"taxonomy":"product_cat","embeddable":true,"href":"https:\/\/www.cabottura.it\/de\/wp-json\/wp\/v2\/product_cat?post=989853"},{"taxonomy":"product_tag","embeddable":true,"href":"https:\/\/www.cabottura.it\/de\/wp-json\/wp\/v2\/product_tag?post=989853"}],"curies":[{"name":"wp","href":"https:\/\/api.w.org\/{rel}","templated":true}]}}