{"id":989848,"date":"2020-08-11T13:11:51","date_gmt":"2020-08-11T11:11:51","guid":{"rendered":"https:\/\/www.cabottura.it\/i-nostri-vini\/bardolino-classico-doc\/"},"modified":"2021-10-06T10:18:25","modified_gmt":"2021-10-06T08:18:25","slug":"bardolino-classico-doc","status":"publish","type":"product","link":"https:\/\/www.cabottura.it\/de\/i-nostri-vini\/bardolino-classico-doc\/","title":{"rendered":"Bardolino Classico DOC"},"content":{"rendered":"\t\t<div data-elementor-type=\"product-post\" data-elementor-id=\"989848\" class=\"elementor elementor-989848 elementor-6542\" data-elementor-post-type=\"product\">\n\t\t\t\t\t\t<section class=\"elementor-section elementor-top-section elementor-element elementor-element-90f76cc elementor-section-boxed elementor-section-height-default elementor-section-height-default\" data-id=\"90f76cc\" data-element_type=\"section\" data-e-type=\"section\">\n\t\t\t\t\t\t<div class=\"elementor-container elementor-column-gap-default\">\n\t\t\t\t\t<div class=\"elementor-column elementor-col-100 elementor-top-column elementor-element elementor-element-c26e467\" data-id=\"c26e467\" data-element_type=\"column\" data-e-type=\"column\">\n\t\t\t<div class=\"elementor-widget-wrap elementor-element-populated\">\n\t\t\t\t\t\t<div class=\"elementor-element elementor-element-937a978 elementor-widget elementor-widget-heading\" data-id=\"937a978\" data-element_type=\"widget\" data-e-type=\"widget\" data-widget_type=\"heading.default\">\n\t\t\t\t<div class=\"elementor-widget-container\">\n\t\t\t\t\t<h5 class=\"elementor-heading-title elementor-size-default\">Merkmale<\/h5>\t\t\t\t<\/div>\n\t\t\t\t<\/div>\n\t\t\t\t<div class=\"elementor-element elementor-element-99b72f9 elementor-widget elementor-widget-text-editor\" data-id=\"99b72f9\" data-element_type=\"widget\" data-e-type=\"widget\" data-widget_type=\"text-editor.default\">\n\t\t\t\t<div class=\"elementor-widget-container\">\n\t\t\t\t\t\t\t\t\t<p><strong>PRODUKTIONSGEBIET:<\/strong> Bardolino Classico (Gemeinden des Gardasees, Costermano und Bardolino). <\/p>\n<p><strong>REBSORTEN:<\/strong> Corvina 60%, Rondinella 40%. <\/p>\n<p><strong>ANBAUTECHNIK:<\/strong> Traditioneller Laubenanbau und Guyot. <\/p>\n<p><strong>TRAUBENLESE:<\/strong> Von Hand Ende September Anfang Oktober. <\/p>\n<p><strong>WEINBEREITUNG:<\/strong> Traditionelle Weinbereitung auf der Maische f\u00fcr ca. 10 Tage.<\/p>\n<p><strong>REIFUNG:<\/strong> F\u00fcr kurze Zeit in Stahltanks. <\/p>\n<p><strong>FARBE:<\/strong> Leuchtend rubinrot. <\/p>\n<p><strong>BOUQUET:<\/strong> Zur\u00fcckhaltend, fruchtig, leicht w\u00fcrzig.<\/p>\n<p><strong>GESCHMACK:<\/strong> Angenehm, harmonisch. <\/p>\n<p><strong>ALKOHOLGEHALT:<\/strong> 12.5% vol. <\/p>\n<p><strong>SERVIERTEMPERATUR:<\/strong> 15 &#8211; 16 \u00b0C.<\/p>\n\t\t\t\t\t\t\t\t<\/div>\n\t\t\t\t<\/div>\n\t\t\t\t\t<\/div>\n\t\t<\/div>\n\t\t\t\t\t<\/div>\n\t\t<\/section>\n\t\t\t\t<section class=\"elementor-section elementor-top-section elementor-element elementor-element-5861328 elementor-section-boxed elementor-section-height-default elementor-section-height-default\" data-id=\"5861328\" data-element_type=\"section\" data-e-type=\"section\">\n\t\t\t\t\t\t<div class=\"elementor-container elementor-column-gap-default\">\n\t\t\t\t\t<div class=\"elementor-column elementor-col-50 elementor-top-column elementor-element elementor-element-1ff54db\" data-id=\"1ff54db\" data-element_type=\"column\" data-e-type=\"column\">\n\t\t\t<div class=\"elementor-widget-wrap elementor-element-populated\">\n\t\t\t\t\t\t<div class=\"elementor-element elementor-element-0555212 elementor-align-center elementor-widget elementor-widget-button\" data-id=\"0555212\" data-element_type=\"widget\" data-e-type=\"widget\" data-widget_type=\"button.default\">\n\t\t\t\t<div class=\"elementor-widget-container\">\n\t\t\t\t\t\t\t\t\t<div class=\"elementor-button-wrapper\">\n\t\t\t\t\t<a class=\"elementor-button elementor-button-link elementor-size-sm\" href=\"https:\/\/www.cabottura.it\/wp-content\/uploads\/2021\/10\/Bardolino-Classico-DOC_TED.pdf\" target=\"_blank\">\n\t\t\t\t\t\t<span class=\"elementor-button-content-wrapper\">\n\t\t\t\t\t\t\t\t\t<span class=\"elementor-button-text\">Datenblatt<\/span>\n\t\t\t\t\t<\/span>\n\t\t\t\t\t<\/a>\n\t\t\t\t<\/div>\n\t\t\t\t\t\t\t\t<\/div>\n\t\t\t\t<\/div>\n\t\t\t\t\t<\/div>\n\t\t<\/div>\n\t\t\t\t<div class=\"elementor-column elementor-col-50 elementor-top-column elementor-element elementor-element-00e9f78\" data-id=\"00e9f78\" data-element_type=\"column\" data-e-type=\"column\">\n\t\t\t<div class=\"elementor-widget-wrap elementor-element-populated\">\n\t\t\t\t\t\t<div class=\"elementor-element elementor-element-3a23391 elementor-align-center elementor-widget elementor-widget-button\" data-id=\"3a23391\" data-element_type=\"widget\" data-e-type=\"widget\" data-widget_type=\"button.default\">\n\t\t\t\t<div class=\"elementor-widget-container\">\n\t\t\t\t\t\t\t\t\t<div class=\"elementor-button-wrapper\">\n\t\t\t\t\t<a class=\"elementor-button elementor-button-link elementor-size-sm\" href=\"https:\/\/www.cabottura.it\/wp-content\/uploads\/2021\/07\/Bardolino-Classico-1.png\" target=\"_blank\">\n\t\t\t\t\t\t<span class=\"elementor-button-content-wrapper\">\n\t\t\t\t\t\t\t\t\t<span class=\"elementor-button-text\">HD-Fotos<\/span>\n\t\t\t\t\t<\/span>\n\t\t\t\t\t<\/a>\n\t\t\t\t<\/div>\n\t\t\t\t\t\t\t\t<\/div>\n\t\t\t\t<\/div>\n\t\t\t\t\t<\/div>\n\t\t<\/div>\n\t\t\t\t\t<\/div>\n\t\t<\/section>\n\t\t\t\t<section class=\"elementor-section elementor-top-section elementor-element elementor-element-a5d1e07 elementor-section-boxed elementor-section-height-default elementor-section-height-default\" data-id=\"a5d1e07\" data-element_type=\"section\" data-e-type=\"section\">\n\t\t\t\t\t\t<div class=\"elementor-container elementor-column-gap-default\">\n\t\t\t\t\t<div class=\"elementor-column elementor-col-100 elementor-top-column elementor-element elementor-element-ff130f3\" data-id=\"ff130f3\" data-element_type=\"column\" data-e-type=\"column\">\n\t\t\t<div class=\"elementor-widget-wrap elementor-element-populated\">\n\t\t\t\t\t\t<div class=\"elementor-element elementor-element-f92a171 elementor-align-center elementor-widget elementor-widget-button\" data-id=\"f92a171\" data-element_type=\"widget\" data-e-type=\"widget\" data-widget_type=\"button.default\">\n\t\t\t\t<div class=\"elementor-widget-container\">\n\t\t\t\t\t\t\t\t\t<div class=\"elementor-button-wrapper\">\n\t\t\t\t\t<a class=\"elementor-button elementor-button-link elementor-size-xs\" href=\"https:\/\/www.cabottura.it\/de\/weine\/\">\n\t\t\t\t\t\t<span class=\"elementor-button-content-wrapper\">\n\t\t\t\t\t\t<span class=\"elementor-button-icon\">\n\t\t\t\t<i aria-hidden=\"true\" class=\"fas fa-arrow-right\"><\/i>\t\t\t<\/span>\n\t\t\t\t\t\t\t\t\t<span class=\"elementor-button-text\">Zur\u00fcck zu den Weinen<\/span>\n\t\t\t\t\t<\/span>\n\t\t\t\t\t<\/a>\n\t\t\t\t<\/div>\n\t\t\t\t\t\t\t\t<\/div>\n\t\t\t\t<\/div>\n\t\t\t\t\t<\/div>\n\t\t<\/div>\n\t\t\t\t\t<\/div>\n\t\t<\/section>\n\t\t\t\t<\/div>\n\t\t","protected":false},"excerpt":{"rendered":"<p>Der Bardolino ist ein junger Rotwein mit einem angenehmen frischen Geschmack und Aromen von Fr\u00fcchten und Gew\u00fcrzen. Ein einfacher, unkomplizierter Wein, geeignet f\u00fcr jede Tageszeit und f\u00fcr jedes Gericht. Passt hervorragend zu Nudelgerichten mit Fleisch, Gem\u00fcse, Pilzen und Fisch. K\u00f6stlich als Begleiter von Suppen aus H\u00fclsenfr\u00fcchten und von ged\u00fcnstetem, im Ofen gebackenem oder gegrilltem Gefl\u00fcgelfleisch. Interessant auch in Kombination mit Pilzen und Esskastanien. Traditionell wird am Gardasee der Bardolino zu typischen Gerichten aus dem Veneto wie Polenta, Baccal\u00e0 (Stockfisch) und gemischtem Kochfleisch mit \u201ePear\u00e0\u201d (eine gepfefferte Sauce aus Semmelbr\u00f6seln, Br\u00fche, Mark und Pfeffer) serviert. Im Sommer, gut gek\u00fchlt bei 10 \u2013 12 \u00b0C serviert, erg\u00e4nzt er hervorragend S\u00fc\u00dfwasserfisch-Gerichte!<\/p>\n<style>.elementor-widget-woocommerce-product-add-to-cart, .elementor-element-da20c22 {display:none}<\/style>\n","protected":false},"featured_media":988848,"template":"","meta":[],"product_brand":[],"product_cat":[50,118],"product_tag":[49,132],"class_list":{"0":"post-989848","1":"product","2":"type-product","3":"status-publish","4":"has-post-thumbnail","6":"product_cat-i-vini","7":"product_cat-weine","8":"product_tag-bardolino-classico-doc","9":"product_tag-bardolino-classico-doc-de","11":"first","12":"outofstock","13":"shipping-taxable","14":"product-type-simple"},"yoast_head":"<!-- This site is optimized with the Yoast SEO plugin v27.4 - https:\/\/yoast.com\/product\/yoast-seo-wordpress\/ -->\n<title>Bardolino Classico DOC - C\u00e0 Bottura | Azienda vinicola a Bardolino, Lago di Garda<\/title>\n<meta name=\"robots\" content=\"index, follow, max-snippet:-1, max-image-preview:large, max-video-preview:-1\" \/>\n<link rel=\"canonical\" href=\"https:\/\/www.cabottura.it\/i-nostri-vini\/bardolino-classico-doc\/\" \/>\n<meta property=\"og:locale\" content=\"de_DE\" \/>\n<meta property=\"og:type\" content=\"article\" \/>\n<meta property=\"og:title\" content=\"Bardolino Classico DOC - C\u00e0 Bottura | Azienda vinicola a Bardolino, Lago di Garda\" \/>\n<meta property=\"og:description\" content=\"Der Bardolino ist ein junger Rotwein mit einem angenehmen frischen Geschmack und Aromen von Fr\u00fcchten und Gew\u00fcrzen. Ein einfacher, unkomplizierter Wein, geeignet f\u00fcr jede Tageszeit und f\u00fcr jedes Gericht. Passt hervorragend zu Nudelgerichten mit Fleisch, Gem\u00fcse, Pilzen und Fisch. K\u00f6stlich als Begleiter von Suppen aus H\u00fclsenfr\u00fcchten und von ged\u00fcnstetem, im Ofen gebackenem oder gegrilltem Gefl\u00fcgelfleisch. Interessant auch in Kombination mit Pilzen und Esskastanien. Traditionell wird am Gardasee der Bardolino zu typischen Gerichten aus dem Veneto wie Polenta, Baccal\u00e0 (Stockfisch) und gemischtem Kochfleisch mit \u201ePear\u00e0\u201d (eine gepfefferte Sauce aus Semmelbr\u00f6seln, Br\u00fche, Mark und Pfeffer) serviert. Im Sommer, gut gek\u00fchlt bei 10 \u2013 12 \u00b0C serviert, erg\u00e4nzt er hervorragend S\u00fc\u00dfwasserfisch-Gerichte!\" \/>\n<meta property=\"og:url\" content=\"https:\/\/www.cabottura.it\/i-nostri-vini\/bardolino-classico-doc\/\" \/>\n<meta property=\"og:site_name\" content=\"C\u00e0 Bottura | Azienda vinicola a Bardolino, Lago di Garda\" \/>\n<meta property=\"article:modified_time\" content=\"2021-10-06T08:18:25+00:00\" \/>\n<meta property=\"og:image\" content=\"https:\/\/www.cabottura.it\/wp-content\/uploads\/2020\/08\/Bardolino-Classico.png\" \/>\n\t<meta property=\"og:image:width\" content=\"1335\" \/>\n\t<meta property=\"og:image:height\" content=\"2000\" \/>\n\t<meta property=\"og:image:type\" content=\"image\/png\" \/>\n<meta name=\"twitter:card\" content=\"summary_large_image\" \/>\n<script type=\"application\/ld+json\" class=\"yoast-schema-graph\">{\"@context\":\"https:\\\/\\\/schema.org\",\"@graph\":[{\"@type\":\"WebPage\",\"@id\":\"https:\\\/\\\/www.cabottura.it\\\/i-nostri-vini\\\/bardolino-classico-doc\\\/\",\"url\":\"https:\\\/\\\/www.cabottura.it\\\/i-nostri-vini\\\/bardolino-classico-doc\\\/\",\"name\":\"Bardolino Classico DOC - C\u00e0 Bottura | Azienda vinicola a Bardolino, Lago di Garda\",\"isPartOf\":{\"@id\":\"https:\\\/\\\/www.cabottura.it\\\/#website\"},\"primaryImageOfPage\":{\"@id\":\"https:\\\/\\\/www.cabottura.it\\\/i-nostri-vini\\\/bardolino-classico-doc\\\/#primaryimage\"},\"image\":{\"@id\":\"https:\\\/\\\/www.cabottura.it\\\/i-nostri-vini\\\/bardolino-classico-doc\\\/#primaryimage\"},\"thumbnailUrl\":\"https:\\\/\\\/www.cabottura.it\\\/wp-content\\\/uploads\\\/2020\\\/08\\\/Bardolino-Classico.png\",\"datePublished\":\"2020-08-11T11:11:51+00:00\",\"dateModified\":\"2021-10-06T08:18:25+00:00\",\"breadcrumb\":{\"@id\":\"https:\\\/\\\/www.cabottura.it\\\/i-nostri-vini\\\/bardolino-classico-doc\\\/#breadcrumb\"},\"inLanguage\":\"de\",\"potentialAction\":[{\"@type\":\"ReadAction\",\"target\":[\"https:\\\/\\\/www.cabottura.it\\\/i-nostri-vini\\\/bardolino-classico-doc\\\/\"]}]},{\"@type\":\"ImageObject\",\"inLanguage\":\"de\",\"@id\":\"https:\\\/\\\/www.cabottura.it\\\/i-nostri-vini\\\/bardolino-classico-doc\\\/#primaryimage\",\"url\":\"https:\\\/\\\/www.cabottura.it\\\/wp-content\\\/uploads\\\/2020\\\/08\\\/Bardolino-Classico.png\",\"contentUrl\":\"https:\\\/\\\/www.cabottura.it\\\/wp-content\\\/uploads\\\/2020\\\/08\\\/Bardolino-Classico.png\",\"width\":1335,\"height\":2000},{\"@type\":\"BreadcrumbList\",\"@id\":\"https:\\\/\\\/www.cabottura.it\\\/i-nostri-vini\\\/bardolino-classico-doc\\\/#breadcrumb\",\"itemListElement\":[{\"@type\":\"ListItem\",\"position\":1,\"name\":\"Home\",\"item\":\"https:\\\/\\\/www.cabottura.it\\\/de\\\/\"},{\"@type\":\"ListItem\",\"position\":2,\"name\":\"Products\",\"item\":\"https:\\\/\\\/www.cabottura.it\\\/en\\\/shop\\\/\"},{\"@type\":\"ListItem\",\"position\":3,\"name\":\"Bardolino Classico DOC\"}]},{\"@type\":\"WebSite\",\"@id\":\"https:\\\/\\\/www.cabottura.it\\\/#website\",\"url\":\"https:\\\/\\\/www.cabottura.it\\\/\",\"name\":\"C\u00e0 Bottura | Azienda vinicola a Bardolino, Lago di Garda\",\"description\":\"C\u00e0 Bottura | Azienda vinicola a Bardolino, Lago di Garda\",\"publisher\":{\"@id\":\"https:\\\/\\\/www.cabottura.it\\\/#organization\"},\"potentialAction\":[{\"@type\":\"SearchAction\",\"target\":{\"@type\":\"EntryPoint\",\"urlTemplate\":\"https:\\\/\\\/www.cabottura.it\\\/?s={search_term_string}\"},\"query-input\":{\"@type\":\"PropertyValueSpecification\",\"valueRequired\":true,\"valueName\":\"search_term_string\"}}],\"inLanguage\":\"de\"},{\"@type\":\"Organization\",\"@id\":\"https:\\\/\\\/www.cabottura.it\\\/#organization\",\"name\":\"SOC. AZ. AGR. C\u00c0 BOTTURA S.S. FAM. ANDREOLI\",\"url\":\"https:\\\/\\\/www.cabottura.it\\\/\",\"logo\":{\"@type\":\"ImageObject\",\"inLanguage\":\"de\",\"@id\":\"https:\\\/\\\/www.cabottura.it\\\/#\\\/schema\\\/logo\\\/image\\\/\",\"url\":\"https:\\\/\\\/www.cabottura.it\\\/wp-content\\\/uploads\\\/2020\\\/03\\\/logo-nero.png\",\"contentUrl\":\"https:\\\/\\\/www.cabottura.it\\\/wp-content\\\/uploads\\\/2020\\\/03\\\/logo-nero.png\",\"width\":985,\"height\":392,\"caption\":\"SOC. AZ. AGR. C\u00c0 BOTTURA S.S. FAM. ANDREOLI\"},\"image\":{\"@id\":\"https:\\\/\\\/www.cabottura.it\\\/#\\\/schema\\\/logo\\\/image\\\/\"}}]}<\/script>\n<!-- \/ Yoast SEO plugin. -->","yoast_head_json":{"title":"Bardolino Classico DOC - C\u00e0 Bottura | Azienda vinicola a Bardolino, Lago di Garda","robots":{"index":"index","follow":"follow","max-snippet":"max-snippet:-1","max-image-preview":"max-image-preview:large","max-video-preview":"max-video-preview:-1"},"canonical":"https:\/\/www.cabottura.it\/i-nostri-vini\/bardolino-classico-doc\/","og_locale":"de_DE","og_type":"article","og_title":"Bardolino Classico DOC - C\u00e0 Bottura | Azienda vinicola a Bardolino, Lago di Garda","og_description":"Der Bardolino ist ein junger Rotwein mit einem angenehmen frischen Geschmack und Aromen von Fr\u00fcchten und Gew\u00fcrzen. Ein einfacher, unkomplizierter Wein, geeignet f\u00fcr jede Tageszeit und f\u00fcr jedes Gericht. Passt hervorragend zu Nudelgerichten mit Fleisch, Gem\u00fcse, Pilzen und Fisch. K\u00f6stlich als Begleiter von Suppen aus H\u00fclsenfr\u00fcchten und von ged\u00fcnstetem, im Ofen gebackenem oder gegrilltem Gefl\u00fcgelfleisch. Interessant auch in Kombination mit Pilzen und Esskastanien. Traditionell wird am Gardasee der Bardolino zu typischen Gerichten aus dem Veneto wie Polenta, Baccal\u00e0 (Stockfisch) und gemischtem Kochfleisch mit \u201ePear\u00e0\u201d (eine gepfefferte Sauce aus Semmelbr\u00f6seln, Br\u00fche, Mark und Pfeffer) serviert. Im Sommer, gut gek\u00fchlt bei 10 \u2013 12 \u00b0C serviert, erg\u00e4nzt er hervorragend S\u00fc\u00dfwasserfisch-Gerichte!","og_url":"https:\/\/www.cabottura.it\/i-nostri-vini\/bardolino-classico-doc\/","og_site_name":"C\u00e0 Bottura | Azienda vinicola a Bardolino, Lago di Garda","article_modified_time":"2021-10-06T08:18:25+00:00","og_image":[{"width":1335,"height":2000,"url":"https:\/\/www.cabottura.it\/wp-content\/uploads\/2020\/08\/Bardolino-Classico.png","type":"image\/png"}],"twitter_card":"summary_large_image","schema":{"@context":"https:\/\/schema.org","@graph":[{"@type":"WebPage","@id":"https:\/\/www.cabottura.it\/i-nostri-vini\/bardolino-classico-doc\/","url":"https:\/\/www.cabottura.it\/i-nostri-vini\/bardolino-classico-doc\/","name":"Bardolino Classico DOC - C\u00e0 Bottura | Azienda vinicola a Bardolino, Lago di Garda","isPartOf":{"@id":"https:\/\/www.cabottura.it\/#website"},"primaryImageOfPage":{"@id":"https:\/\/www.cabottura.it\/i-nostri-vini\/bardolino-classico-doc\/#primaryimage"},"image":{"@id":"https:\/\/www.cabottura.it\/i-nostri-vini\/bardolino-classico-doc\/#primaryimage"},"thumbnailUrl":"https:\/\/www.cabottura.it\/wp-content\/uploads\/2020\/08\/Bardolino-Classico.png","datePublished":"2020-08-11T11:11:51+00:00","dateModified":"2021-10-06T08:18:25+00:00","breadcrumb":{"@id":"https:\/\/www.cabottura.it\/i-nostri-vini\/bardolino-classico-doc\/#breadcrumb"},"inLanguage":"de","potentialAction":[{"@type":"ReadAction","target":["https:\/\/www.cabottura.it\/i-nostri-vini\/bardolino-classico-doc\/"]}]},{"@type":"ImageObject","inLanguage":"de","@id":"https:\/\/www.cabottura.it\/i-nostri-vini\/bardolino-classico-doc\/#primaryimage","url":"https:\/\/www.cabottura.it\/wp-content\/uploads\/2020\/08\/Bardolino-Classico.png","contentUrl":"https:\/\/www.cabottura.it\/wp-content\/uploads\/2020\/08\/Bardolino-Classico.png","width":1335,"height":2000},{"@type":"BreadcrumbList","@id":"https:\/\/www.cabottura.it\/i-nostri-vini\/bardolino-classico-doc\/#breadcrumb","itemListElement":[{"@type":"ListItem","position":1,"name":"Home","item":"https:\/\/www.cabottura.it\/de\/"},{"@type":"ListItem","position":2,"name":"Products","item":"https:\/\/www.cabottura.it\/en\/shop\/"},{"@type":"ListItem","position":3,"name":"Bardolino Classico DOC"}]},{"@type":"WebSite","@id":"https:\/\/www.cabottura.it\/#website","url":"https:\/\/www.cabottura.it\/","name":"C\u00e0 Bottura | Azienda vinicola a Bardolino, Lago di Garda","description":"C\u00e0 Bottura | Azienda vinicola a Bardolino, Lago di Garda","publisher":{"@id":"https:\/\/www.cabottura.it\/#organization"},"potentialAction":[{"@type":"SearchAction","target":{"@type":"EntryPoint","urlTemplate":"https:\/\/www.cabottura.it\/?s={search_term_string}"},"query-input":{"@type":"PropertyValueSpecification","valueRequired":true,"valueName":"search_term_string"}}],"inLanguage":"de"},{"@type":"Organization","@id":"https:\/\/www.cabottura.it\/#organization","name":"SOC. AZ. AGR. C\u00c0 BOTTURA S.S. FAM. ANDREOLI","url":"https:\/\/www.cabottura.it\/","logo":{"@type":"ImageObject","inLanguage":"de","@id":"https:\/\/www.cabottura.it\/#\/schema\/logo\/image\/","url":"https:\/\/www.cabottura.it\/wp-content\/uploads\/2020\/03\/logo-nero.png","contentUrl":"https:\/\/www.cabottura.it\/wp-content\/uploads\/2020\/03\/logo-nero.png","width":985,"height":392,"caption":"SOC. AZ. AGR. C\u00c0 BOTTURA S.S. FAM. ANDREOLI"},"image":{"@id":"https:\/\/www.cabottura.it\/#\/schema\/logo\/image\/"}}]}},"_links":{"self":[{"href":"https:\/\/www.cabottura.it\/de\/wp-json\/wp\/v2\/product\/989848","targetHints":{"allow":["GET"]}}],"collection":[{"href":"https:\/\/www.cabottura.it\/de\/wp-json\/wp\/v2\/product"}],"about":[{"href":"https:\/\/www.cabottura.it\/de\/wp-json\/wp\/v2\/types\/product"}],"version-history":[{"count":7,"href":"https:\/\/www.cabottura.it\/de\/wp-json\/wp\/v2\/product\/989848\/revisions"}],"predecessor-version":[{"id":990653,"href":"https:\/\/www.cabottura.it\/de\/wp-json\/wp\/v2\/product\/989848\/revisions\/990653"}],"wp:featuredmedia":[{"embeddable":true,"href":"https:\/\/www.cabottura.it\/de\/wp-json\/wp\/v2\/media\/988848"}],"wp:attachment":[{"href":"https:\/\/www.cabottura.it\/de\/wp-json\/wp\/v2\/media?parent=989848"}],"wp:term":[{"taxonomy":"product_brand","embeddable":true,"href":"https:\/\/www.cabottura.it\/de\/wp-json\/wp\/v2\/product_brand?post=989848"},{"taxonomy":"product_cat","embeddable":true,"href":"https:\/\/www.cabottura.it\/de\/wp-json\/wp\/v2\/product_cat?post=989848"},{"taxonomy":"product_tag","embeddable":true,"href":"https:\/\/www.cabottura.it\/de\/wp-json\/wp\/v2\/product_tag?post=989848"}],"curies":[{"name":"wp","href":"https:\/\/api.w.org\/{rel}","templated":true}]}}