{"id":989834,"date":"2021-07-26T09:48:31","date_gmt":"2021-07-26T07:48:31","guid":{"rendered":"https:\/\/www.cabottura.it\/i-nostri-vini\/natives-olivenoel-extra-gefiltert\/"},"modified":"2021-09-13T11:02:53","modified_gmt":"2021-09-13T09:02:53","slug":"natives-olivenoel-extra-gefiltert","status":"publish","type":"product","link":"https:\/\/www.cabottura.it\/de\/i-nostri-vini\/natives-olivenoel-extra-gefiltert\/","title":{"rendered":"Natives Oliven\u00f6l Extra Gefiltert"},"content":{"rendered":"\t\t<div data-elementor-type=\"product-post\" data-elementor-id=\"989834\" class=\"elementor elementor-989834 elementor-988424\" data-elementor-post-type=\"product\">\n\t\t\t\t\t\t<section class=\"elementor-section elementor-top-section elementor-element elementor-element-5861328 elementor-section-boxed elementor-section-height-default elementor-section-height-default\" data-id=\"5861328\" data-element_type=\"section\" data-e-type=\"section\">\n\t\t\t\t\t\t<div class=\"elementor-container elementor-column-gap-default\">\n\t\t\t\t\t<div class=\"elementor-column elementor-col-50 elementor-top-column elementor-element elementor-element-1ff54db\" data-id=\"1ff54db\" data-element_type=\"column\" data-e-type=\"column\">\n\t\t\t<div class=\"elementor-widget-wrap elementor-element-populated\">\n\t\t\t\t\t\t<div class=\"elementor-element elementor-element-0555212 elementor-align-center elementor-widget elementor-widget-button\" data-id=\"0555212\" data-element_type=\"widget\" data-e-type=\"widget\" data-widget_type=\"button.default\">\n\t\t\t\t<div class=\"elementor-widget-container\">\n\t\t\t\t\t\t\t\t\t<div class=\"elementor-button-wrapper\">\n\t\t\t\t\t<a class=\"elementor-button elementor-button-link elementor-size-sm\" href=\"https:\/\/www.cabottura.it\/wp-content\/uploads\/2021\/09\/Olio-Extra-Vergine-dOliva-Filtarto_TED.pdf\" target=\"_blank\">\n\t\t\t\t\t\t<span class=\"elementor-button-content-wrapper\">\n\t\t\t\t\t\t\t\t\t<span class=\"elementor-button-text\">Datenblatt<\/span>\n\t\t\t\t\t<\/span>\n\t\t\t\t\t<\/a>\n\t\t\t\t<\/div>\n\t\t\t\t\t\t\t\t<\/div>\n\t\t\t\t<\/div>\n\t\t\t\t\t<\/div>\n\t\t<\/div>\n\t\t\t\t<div class=\"elementor-column elementor-col-50 elementor-top-column elementor-element elementor-element-00e9f78\" data-id=\"00e9f78\" data-element_type=\"column\" data-e-type=\"column\">\n\t\t\t<div class=\"elementor-widget-wrap elementor-element-populated\">\n\t\t\t\t\t\t<div class=\"elementor-element elementor-element-3a23391 elementor-align-center elementor-widget elementor-widget-button\" data-id=\"3a23391\" data-element_type=\"widget\" data-e-type=\"widget\" data-widget_type=\"button.default\">\n\t\t\t\t<div class=\"elementor-widget-container\">\n\t\t\t\t\t\t\t\t\t<div class=\"elementor-button-wrapper\">\n\t\t\t\t\t<a class=\"elementor-button elementor-button-link elementor-size-sm\" href=\"https:\/\/www.cabottura.it\/wp-content\/uploads\/2021\/07\/Olio_verde-1.png\" target=\"_blank\">\n\t\t\t\t\t\t<span class=\"elementor-button-content-wrapper\">\n\t\t\t\t\t\t\t\t\t<span class=\"elementor-button-text\">HD-Fotos<\/span>\n\t\t\t\t\t<\/span>\n\t\t\t\t\t<\/a>\n\t\t\t\t<\/div>\n\t\t\t\t\t\t\t\t<\/div>\n\t\t\t\t<\/div>\n\t\t\t\t\t<\/div>\n\t\t<\/div>\n\t\t\t\t\t<\/div>\n\t\t<\/section>\n\t\t\t\t<section class=\"elementor-section elementor-top-section elementor-element elementor-element-a5d1e07 elementor-section-boxed elementor-section-height-default elementor-section-height-default\" data-id=\"a5d1e07\" data-element_type=\"section\" data-e-type=\"section\">\n\t\t\t\t\t\t<div class=\"elementor-container elementor-column-gap-default\">\n\t\t\t\t\t<div class=\"elementor-column elementor-col-100 elementor-top-column elementor-element elementor-element-ff130f3\" data-id=\"ff130f3\" data-element_type=\"column\" data-e-type=\"column\">\n\t\t\t<div class=\"elementor-widget-wrap elementor-element-populated\">\n\t\t\t\t\t\t<div class=\"elementor-element elementor-element-f92a171 elementor-align-center elementor-widget elementor-widget-button\" data-id=\"f92a171\" data-element_type=\"widget\" data-e-type=\"widget\" data-widget_type=\"button.default\">\n\t\t\t\t<div class=\"elementor-widget-container\">\n\t\t\t\t\t\t\t\t\t<div class=\"elementor-button-wrapper\">\n\t\t\t\t\t<a class=\"elementor-button elementor-button-link elementor-size-xs\" href=\"https:\/\/www.cabottura.it\/de\/weine\/\">\n\t\t\t\t\t\t<span class=\"elementor-button-content-wrapper\">\n\t\t\t\t\t\t<span class=\"elementor-button-icon\">\n\t\t\t\t<i aria-hidden=\"true\" class=\"fas fa-arrow-right\"><\/i>\t\t\t<\/span>\n\t\t\t\t\t\t\t\t\t<span class=\"elementor-button-text\">Zur\u00fcck zu den Weinen<\/span>\n\t\t\t\t\t<\/span>\n\t\t\t\t\t<\/a>\n\t\t\t\t<\/div>\n\t\t\t\t\t\t\t\t<\/div>\n\t\t\t\t<\/div>\n\t\t\t\t\t<\/div>\n\t\t<\/div>\n\t\t\t\t\t<\/div>\n\t\t<\/section>\n\t\t\t\t<\/div>\n\t\t","protected":false},"excerpt":{"rendered":"<p>Die Oliven, die f\u00fcr die Herstellung von gefiltertem \u00d6l bestimmt sind, werden zu einer kleinen \u00d6lpresse mit modernem Verarbeitungssystem gebracht. Hier werden sie ebenfalls einer Kaltpressung (Temperatur zwischen 22 und 25 \u00b0C), jedoch in kontinuierlichem Arbeitszyklus, unterzogen, der sich eine Zentrifugierung anschlie\u00dft. <\/p>\n<p>Aus dieser Art von Verarbeitung geht ein naturtr\u00fcbes natives Oliven\u00f6l extra hervor. <\/p>\n<p>Dieses wird anschlie\u00dfend im Unternehmen mit Hilfe von einem gro\u00dfen Trichter und Watte gefiltert. Das Ergebnis ist ein gefiltertes natives Oliven\u00f6l extra von hervorragender Qualit\u00e4t.<\/p>\n<style>.elementor-widget-woocommerce-product-add-to-cart, .elementor-element-da20c22 {display:none}<\/style>\n","protected":false},"featured_media":988666,"template":"","meta":[],"product_brand":[],"product_cat":[50,118],"product_tag":[130,109],"class_list":{"0":"post-989834","1":"product","2":"type-product","3":"status-publish","4":"has-post-thumbnail","6":"product_cat-i-vini","7":"product_cat-weine","8":"product_tag-natives-olivenol-extra-gefiltert","9":"product_tag-olio-extra-vergine-di-oliva-filtrato","11":"first","12":"outofstock","13":"shipping-taxable","14":"product-type-simple"},"yoast_head":"<!-- This site is optimized with the Yoast SEO plugin v27.4 - https:\/\/yoast.com\/product\/yoast-seo-wordpress\/ -->\n<title>Natives Oliven\u00f6l Extra Gefiltert - C\u00e0 Bottura | Azienda vinicola a Bardolino, Lago di Garda<\/title>\n<meta name=\"robots\" content=\"index, follow, max-snippet:-1, max-image-preview:large, max-video-preview:-1\" \/>\n<link rel=\"canonical\" href=\"https:\/\/www.cabottura.it\/de\/i-nostri-vini\/natives-olivenoel-extra-gefiltert\/\" \/>\n<meta property=\"og:locale\" content=\"de_DE\" \/>\n<meta property=\"og:type\" content=\"article\" \/>\n<meta property=\"og:title\" content=\"Natives Oliven\u00f6l Extra Gefiltert - C\u00e0 Bottura | Azienda vinicola a Bardolino, Lago di Garda\" \/>\n<meta property=\"og:description\" content=\"Die Oliven, die f\u00fcr die Herstellung von gefiltertem \u00d6l bestimmt sind, werden zu einer kleinen \u00d6lpresse mit modernem Verarbeitungssystem gebracht. Hier werden sie ebenfalls einer Kaltpressung (Temperatur zwischen 22 und 25 \u00b0C), jedoch in kontinuierlichem Arbeitszyklus, unterzogen, der sich eine Zentrifugierung anschlie\u00dft.   Aus dieser Art von Verarbeitung geht ein naturtr\u00fcbes natives Oliven\u00f6l extra hervor.   Dieses wird anschlie\u00dfend im Unternehmen mit Hilfe von einem gro\u00dfen Trichter und Watte gefiltert. Das Ergebnis ist ein gefiltertes natives Oliven\u00f6l extra von hervorragender Qualit\u00e4t.\" \/>\n<meta property=\"og:url\" content=\"https:\/\/www.cabottura.it\/de\/i-nostri-vini\/natives-olivenoel-extra-gefiltert\/\" \/>\n<meta property=\"og:site_name\" content=\"C\u00e0 Bottura | Azienda vinicola a Bardolino, Lago di Garda\" \/>\n<meta property=\"article:modified_time\" content=\"2021-09-13T09:02:53+00:00\" \/>\n<meta property=\"og:image\" content=\"https:\/\/www.cabottura.it\/wp-content\/uploads\/2021\/07\/Olio_verde.png\" \/>\n\t<meta property=\"og:image:width\" content=\"1335\" \/>\n\t<meta property=\"og:image:height\" content=\"2000\" \/>\n\t<meta property=\"og:image:type\" content=\"image\/png\" \/>\n<meta name=\"twitter:card\" content=\"summary_large_image\" \/>\n<script type=\"application\/ld+json\" class=\"yoast-schema-graph\">{\"@context\":\"https:\\\/\\\/schema.org\",\"@graph\":[{\"@type\":\"WebPage\",\"@id\":\"https:\\\/\\\/www.cabottura.it\\\/de\\\/i-nostri-vini\\\/natives-olivenoel-extra-gefiltert\\\/\",\"url\":\"https:\\\/\\\/www.cabottura.it\\\/de\\\/i-nostri-vini\\\/natives-olivenoel-extra-gefiltert\\\/\",\"name\":\"Natives Oliven\u00f6l Extra Gefiltert - C\u00e0 Bottura | Azienda vinicola a Bardolino, Lago di Garda\",\"isPartOf\":{\"@id\":\"https:\\\/\\\/www.cabottura.it\\\/#website\"},\"primaryImageOfPage\":{\"@id\":\"https:\\\/\\\/www.cabottura.it\\\/de\\\/i-nostri-vini\\\/natives-olivenoel-extra-gefiltert\\\/#primaryimage\"},\"image\":{\"@id\":\"https:\\\/\\\/www.cabottura.it\\\/de\\\/i-nostri-vini\\\/natives-olivenoel-extra-gefiltert\\\/#primaryimage\"},\"thumbnailUrl\":\"https:\\\/\\\/www.cabottura.it\\\/wp-content\\\/uploads\\\/2021\\\/07\\\/Olio_verde.png\",\"datePublished\":\"2021-07-26T07:48:31+00:00\",\"dateModified\":\"2021-09-13T09:02:53+00:00\",\"breadcrumb\":{\"@id\":\"https:\\\/\\\/www.cabottura.it\\\/de\\\/i-nostri-vini\\\/natives-olivenoel-extra-gefiltert\\\/#breadcrumb\"},\"inLanguage\":\"de\",\"potentialAction\":[{\"@type\":\"ReadAction\",\"target\":[\"https:\\\/\\\/www.cabottura.it\\\/de\\\/i-nostri-vini\\\/natives-olivenoel-extra-gefiltert\\\/\"]}]},{\"@type\":\"ImageObject\",\"inLanguage\":\"de\",\"@id\":\"https:\\\/\\\/www.cabottura.it\\\/de\\\/i-nostri-vini\\\/natives-olivenoel-extra-gefiltert\\\/#primaryimage\",\"url\":\"https:\\\/\\\/www.cabottura.it\\\/wp-content\\\/uploads\\\/2021\\\/07\\\/Olio_verde.png\",\"contentUrl\":\"https:\\\/\\\/www.cabottura.it\\\/wp-content\\\/uploads\\\/2021\\\/07\\\/Olio_verde.png\",\"width\":1335,\"height\":2000},{\"@type\":\"BreadcrumbList\",\"@id\":\"https:\\\/\\\/www.cabottura.it\\\/de\\\/i-nostri-vini\\\/natives-olivenoel-extra-gefiltert\\\/#breadcrumb\",\"itemListElement\":[{\"@type\":\"ListItem\",\"position\":1,\"name\":\"Home\",\"item\":\"https:\\\/\\\/www.cabottura.it\\\/de\\\/\"},{\"@type\":\"ListItem\",\"position\":2,\"name\":\"Products\",\"item\":\"https:\\\/\\\/www.cabottura.it\\\/en\\\/shop\\\/\"},{\"@type\":\"ListItem\",\"position\":3,\"name\":\"Natives Oliven\u00f6l Extra Gefiltert\"}]},{\"@type\":\"WebSite\",\"@id\":\"https:\\\/\\\/www.cabottura.it\\\/#website\",\"url\":\"https:\\\/\\\/www.cabottura.it\\\/\",\"name\":\"C\u00e0 Bottura | Azienda vinicola a Bardolino, Lago di Garda\",\"description\":\"C\u00e0 Bottura | Azienda vinicola a Bardolino, Lago di Garda\",\"publisher\":{\"@id\":\"https:\\\/\\\/www.cabottura.it\\\/#organization\"},\"potentialAction\":[{\"@type\":\"SearchAction\",\"target\":{\"@type\":\"EntryPoint\",\"urlTemplate\":\"https:\\\/\\\/www.cabottura.it\\\/?s={search_term_string}\"},\"query-input\":{\"@type\":\"PropertyValueSpecification\",\"valueRequired\":true,\"valueName\":\"search_term_string\"}}],\"inLanguage\":\"de\"},{\"@type\":\"Organization\",\"@id\":\"https:\\\/\\\/www.cabottura.it\\\/#organization\",\"name\":\"SOC. AZ. AGR. C\u00c0 BOTTURA S.S. FAM. ANDREOLI\",\"url\":\"https:\\\/\\\/www.cabottura.it\\\/\",\"logo\":{\"@type\":\"ImageObject\",\"inLanguage\":\"de\",\"@id\":\"https:\\\/\\\/www.cabottura.it\\\/#\\\/schema\\\/logo\\\/image\\\/\",\"url\":\"https:\\\/\\\/www.cabottura.it\\\/wp-content\\\/uploads\\\/2020\\\/03\\\/logo-nero.png\",\"contentUrl\":\"https:\\\/\\\/www.cabottura.it\\\/wp-content\\\/uploads\\\/2020\\\/03\\\/logo-nero.png\",\"width\":985,\"height\":392,\"caption\":\"SOC. AZ. AGR. C\u00c0 BOTTURA S.S. FAM. ANDREOLI\"},\"image\":{\"@id\":\"https:\\\/\\\/www.cabottura.it\\\/#\\\/schema\\\/logo\\\/image\\\/\"}}]}<\/script>\n<!-- \/ Yoast SEO plugin. -->","yoast_head_json":{"title":"Natives Oliven\u00f6l Extra Gefiltert - C\u00e0 Bottura | Azienda vinicola a Bardolino, Lago di Garda","robots":{"index":"index","follow":"follow","max-snippet":"max-snippet:-1","max-image-preview":"max-image-preview:large","max-video-preview":"max-video-preview:-1"},"canonical":"https:\/\/www.cabottura.it\/de\/i-nostri-vini\/natives-olivenoel-extra-gefiltert\/","og_locale":"de_DE","og_type":"article","og_title":"Natives Oliven\u00f6l Extra Gefiltert - C\u00e0 Bottura | Azienda vinicola a Bardolino, Lago di Garda","og_description":"Die Oliven, die f\u00fcr die Herstellung von gefiltertem \u00d6l bestimmt sind, werden zu einer kleinen \u00d6lpresse mit modernem Verarbeitungssystem gebracht. Hier werden sie ebenfalls einer Kaltpressung (Temperatur zwischen 22 und 25 \u00b0C), jedoch in kontinuierlichem Arbeitszyklus, unterzogen, der sich eine Zentrifugierung anschlie\u00dft.   Aus dieser Art von Verarbeitung geht ein naturtr\u00fcbes natives Oliven\u00f6l extra hervor.   Dieses wird anschlie\u00dfend im Unternehmen mit Hilfe von einem gro\u00dfen Trichter und Watte gefiltert. Das Ergebnis ist ein gefiltertes natives Oliven\u00f6l extra von hervorragender Qualit\u00e4t.","og_url":"https:\/\/www.cabottura.it\/de\/i-nostri-vini\/natives-olivenoel-extra-gefiltert\/","og_site_name":"C\u00e0 Bottura | Azienda vinicola a Bardolino, Lago di Garda","article_modified_time":"2021-09-13T09:02:53+00:00","og_image":[{"width":1335,"height":2000,"url":"https:\/\/www.cabottura.it\/wp-content\/uploads\/2021\/07\/Olio_verde.png","type":"image\/png"}],"twitter_card":"summary_large_image","schema":{"@context":"https:\/\/schema.org","@graph":[{"@type":"WebPage","@id":"https:\/\/www.cabottura.it\/de\/i-nostri-vini\/natives-olivenoel-extra-gefiltert\/","url":"https:\/\/www.cabottura.it\/de\/i-nostri-vini\/natives-olivenoel-extra-gefiltert\/","name":"Natives Oliven\u00f6l Extra Gefiltert - C\u00e0 Bottura | Azienda vinicola a Bardolino, Lago di Garda","isPartOf":{"@id":"https:\/\/www.cabottura.it\/#website"},"primaryImageOfPage":{"@id":"https:\/\/www.cabottura.it\/de\/i-nostri-vini\/natives-olivenoel-extra-gefiltert\/#primaryimage"},"image":{"@id":"https:\/\/www.cabottura.it\/de\/i-nostri-vini\/natives-olivenoel-extra-gefiltert\/#primaryimage"},"thumbnailUrl":"https:\/\/www.cabottura.it\/wp-content\/uploads\/2021\/07\/Olio_verde.png","datePublished":"2021-07-26T07:48:31+00:00","dateModified":"2021-09-13T09:02:53+00:00","breadcrumb":{"@id":"https:\/\/www.cabottura.it\/de\/i-nostri-vini\/natives-olivenoel-extra-gefiltert\/#breadcrumb"},"inLanguage":"de","potentialAction":[{"@type":"ReadAction","target":["https:\/\/www.cabottura.it\/de\/i-nostri-vini\/natives-olivenoel-extra-gefiltert\/"]}]},{"@type":"ImageObject","inLanguage":"de","@id":"https:\/\/www.cabottura.it\/de\/i-nostri-vini\/natives-olivenoel-extra-gefiltert\/#primaryimage","url":"https:\/\/www.cabottura.it\/wp-content\/uploads\/2021\/07\/Olio_verde.png","contentUrl":"https:\/\/www.cabottura.it\/wp-content\/uploads\/2021\/07\/Olio_verde.png","width":1335,"height":2000},{"@type":"BreadcrumbList","@id":"https:\/\/www.cabottura.it\/de\/i-nostri-vini\/natives-olivenoel-extra-gefiltert\/#breadcrumb","itemListElement":[{"@type":"ListItem","position":1,"name":"Home","item":"https:\/\/www.cabottura.it\/de\/"},{"@type":"ListItem","position":2,"name":"Products","item":"https:\/\/www.cabottura.it\/en\/shop\/"},{"@type":"ListItem","position":3,"name":"Natives Oliven\u00f6l Extra Gefiltert"}]},{"@type":"WebSite","@id":"https:\/\/www.cabottura.it\/#website","url":"https:\/\/www.cabottura.it\/","name":"C\u00e0 Bottura | Azienda vinicola a Bardolino, Lago di Garda","description":"C\u00e0 Bottura | Azienda vinicola a Bardolino, Lago di Garda","publisher":{"@id":"https:\/\/www.cabottura.it\/#organization"},"potentialAction":[{"@type":"SearchAction","target":{"@type":"EntryPoint","urlTemplate":"https:\/\/www.cabottura.it\/?s={search_term_string}"},"query-input":{"@type":"PropertyValueSpecification","valueRequired":true,"valueName":"search_term_string"}}],"inLanguage":"de"},{"@type":"Organization","@id":"https:\/\/www.cabottura.it\/#organization","name":"SOC. AZ. AGR. C\u00c0 BOTTURA S.S. FAM. ANDREOLI","url":"https:\/\/www.cabottura.it\/","logo":{"@type":"ImageObject","inLanguage":"de","@id":"https:\/\/www.cabottura.it\/#\/schema\/logo\/image\/","url":"https:\/\/www.cabottura.it\/wp-content\/uploads\/2020\/03\/logo-nero.png","contentUrl":"https:\/\/www.cabottura.it\/wp-content\/uploads\/2020\/03\/logo-nero.png","width":985,"height":392,"caption":"SOC. AZ. AGR. C\u00c0 BOTTURA S.S. FAM. ANDREOLI"},"image":{"@id":"https:\/\/www.cabottura.it\/#\/schema\/logo\/image\/"}}]}},"_links":{"self":[{"href":"https:\/\/www.cabottura.it\/de\/wp-json\/wp\/v2\/product\/989834","targetHints":{"allow":["GET"]}}],"collection":[{"href":"https:\/\/www.cabottura.it\/de\/wp-json\/wp\/v2\/product"}],"about":[{"href":"https:\/\/www.cabottura.it\/de\/wp-json\/wp\/v2\/types\/product"}],"version-history":[{"count":6,"href":"https:\/\/www.cabottura.it\/de\/wp-json\/wp\/v2\/product\/989834\/revisions"}],"predecessor-version":[{"id":990393,"href":"https:\/\/www.cabottura.it\/de\/wp-json\/wp\/v2\/product\/989834\/revisions\/990393"}],"wp:featuredmedia":[{"embeddable":true,"href":"https:\/\/www.cabottura.it\/de\/wp-json\/wp\/v2\/media\/988666"}],"wp:attachment":[{"href":"https:\/\/www.cabottura.it\/de\/wp-json\/wp\/v2\/media?parent=989834"}],"wp:term":[{"taxonomy":"product_brand","embeddable":true,"href":"https:\/\/www.cabottura.it\/de\/wp-json\/wp\/v2\/product_brand?post=989834"},{"taxonomy":"product_cat","embeddable":true,"href":"https:\/\/www.cabottura.it\/de\/wp-json\/wp\/v2\/product_cat?post=989834"},{"taxonomy":"product_tag","embeddable":true,"href":"https:\/\/www.cabottura.it\/de\/wp-json\/wp\/v2\/product_tag?post=989834"}],"curies":[{"name":"wp","href":"https:\/\/api.w.org\/{rel}","templated":true}]}}